{"id":58,"date":"2022-10-26T10:13:29","date_gmt":"2022-10-26T10:13:29","guid":{"rendered":"https:\/\/j354295.servers.jiffybox.net\/?page_id=58"},"modified":"2023-08-22T16:05:15","modified_gmt":"2023-08-22T16:05:15","slug":"archiv","status":"publish","type":"page","link":"https:\/\/reisemedizinbonn.de\/index.php\/archiv\/","title":{"rendered":"Fr\u00fchere Symposien"},"content":{"rendered":"\n<p class=\"has-text-align-center has-medium-font-size\"><strong>25. Symposium Reisemedizin, Impfschutz und internationale Gesundheit \u2013 Public Health 4.3.2023<\/strong><\/p>\n\n\n\n<p>Der Gr\u00fcnder unseres Symposiums, Dr. Karl Anspach, konnte leider die Begr\u00fc\u00dfungsrede nicht selbst halten, Sie finden sie daher hier in <a rel=\"noreferrer noopener\" href=\"https:\/\/reisemedizin.dyndns.org\/anmeldung\/anspach.pdf\" data-type=\"URL\" target=\"_blank\">schriftlicher Form.<\/a><\/p>\n\n\n\n<p>Aufgrund der SARS-Coronavirus-2-Pandemie war unsere Veranstaltung einmalig ausgefallen und hat nun bereits zweimal als Webinar stattgefunden. Wir vermissen die Pr\u00e4senzveranstaltung fr\u00fcherer Jahre sehr, freuen uns andererseits aber dar\u00fcber, aufgrund des Webinar-Symposiums auch Teilnehmerinnen und Teilnehmer aus entfernteren Orten begr\u00fc\u00dft haben zu k\u00f6nnen, die kaum die Reise nach Bonn angetreten w\u00e4ren.<\/p>\n\n\n\n<p>Die ideale Veranstaltungsform w\u00e4re ein hybrides Symposium &#8211; also eine Pr\u00e4senzveranstaltung, die zeitgleich als Webinar \u00fcbertragen wird. Leider haben uns die damit verbundenen Kosten \u00fcberfordert. Zu den Vorz\u00fcgen der Veranstaltung einzig als Webinar geh\u00f6rt, dass wir den Unkostenbeitrag auf 10 \u20ac senken konnten. <\/p>\n\n\n\n<p>Das Programm des 25. Symposiums im Jahr 2023 finden Sie <a rel=\"noreferrer noopener\" href=\"https:\/\/reisemedizin.dyndns.org\/anmeldung\/flyer-2023.pdf\" target=\"_blank\">hier<\/a>, Berichte und Informationen von Hilfsorganisationen finden Sie <a href=\"https:\/\/reisemedizin.dyndns.org\/index.php\/informationen-zu-hilfsprojekte\/\" data-type=\"page\" data-id=\"254\">hier<\/a>.<\/p>\n","protected":false},"excerpt":{"rendered":"<p>25. Symposium Reisemedizin, Impfschutz und internationale Gesundheit \u2013 Public Health 4.3.2023 Der Gr\u00fcnder unseres Symposiums, Dr. Karl Anspach, konnte leider die Begr\u00fc\u00dfungsrede nicht selbst halten, Sie finden sie daher hier in schriftlicher Form. Aufgrund der SARS-Coronavirus-2-Pandemie war unsere Veranstaltung einmalig ausgefallen und hat nun bereits zweimal als Webinar stattgefunden. Wir [&hellip;]<\/p>\n","protected":false},"author":3,"featured_media":0,"parent":0,"menu_order":0,"comment_status":"closed","ping_status":"closed","template":"","meta":{"footnotes":""},"class_list":["post-58","page","type-page","status-publish","hentry"],"_links":{"self":[{"href":"https:\/\/reisemedizinbonn.de\/index.php\/wp-json\/wp\/v2\/pages\/58","targetHints":{"allow":["GET"]}}],"collection":[{"href":"https:\/\/reisemedizinbonn.de\/index.php\/wp-json\/wp\/v2\/pages"}],"about":[{"href":"https:\/\/reisemedizinbonn.de\/index.php\/wp-json\/wp\/v2\/types\/page"}],"author":[{"embeddable":true,"href":"https:\/\/reisemedizinbonn.de\/index.php\/wp-json\/wp\/v2\/users\/3"}],"replies":[{"embeddable":true,"href":"https:\/\/reisemedizinbonn.de\/index.php\/wp-json\/wp\/v2\/comments?post=58"}],"version-history":[{"count":6,"href":"https:\/\/reisemedizinbonn.de\/index.php\/wp-json\/wp\/v2\/pages\/58\/revisions"}],"predecessor-version":[{"id":473,"href":"https:\/\/reisemedizinbonn.de\/index.php\/wp-json\/wp\/v2\/pages\/58\/revisions\/473"}],"wp:attachment":[{"href":"https:\/\/reisemedizinbonn.de\/index.php\/wp-json\/wp\/v2\/media?parent=58"}],"curies":[{"name":"wp","href":"https:\/\/api.w.org\/{rel}","templated":true}]}}