{"id":273,"date":"2023-03-03T19:48:10","date_gmt":"2023-03-03T19:48:10","guid":{"rendered":"https:\/\/reisemedizinbonn.de\/?page_id=273"},"modified":"2026-02-27T16:59:01","modified_gmt":"2026-02-27T16:59:01","slug":"gsk-glaxosmithklinn-gmbh-co-kg","status":"publish","type":"page","link":"https:\/\/reisemedizinbonn.de\/index.php\/gsk-glaxosmithklinn-gmbh-co-kg\/","title":{"rendered":"GSK GlaxoSmithKline GmbH &#038; Co. KG"},"content":{"rendered":"\n<p><\/p>\n\n\n\n<p><\/p>\n\n\n\n<p>Liebe Teilnehmende des 28. Symposiums \u201eReisemedizin, Impfschutz und internationale Gesundheit \u2013 Global Health\u201c,<\/p>\n\n\n\n<p>herzliche Gl\u00fcckw\u00fcnsche&nbsp;den Organisator*innen und Teilnehmenden zum 28. Symposium. Es freut uns besonders, dass wir als GSK dieses wie die vergangenen 27&nbsp;Symposien unterst\u00fctzen konnten. Ihre Fortbildung ist seit vielen Jahren fester Bestandteil vieler reisemedizinisch aktiver Akteur*innen und auch f\u00fcr mich ein fester eigener Fortbildungs-Termin. Danke daf\u00fcr.&nbsp;<\/p>\n\n\n\n<p>F\u00fcr R\u00fcckfragen zu unseren Impfstoffen und Indikationen schreiben oder sprechen Sie mich w\u00e4hrend des heutigen Symposiums und dar\u00fcber hinaus gern an. Sie erreichen mich per E-Mail und&nbsp;telefonisch. Die Kontaktdaten finden Sie unten. W\u00e4hrend des Symposiums erreichen&nbsp;Sie mich heute auch im 1:1-Chat \u00fcber Zoom.&nbsp;<\/p>\n\n\n\n<p>Auf folgenden Webseiten von GSK finden Sie eine Reihe von Informationen zu den verschiedensten Indikationen. Einige Informationen stehen lt. Heilmittelwerberecht nur Fachkreisen zur Verf\u00fcgung. Daf\u00fcr bitte ich um Verst\u00e4ndnis.&nbsp;<\/p>\n\n\n\n<p><strong>Neu! Unsere Impfakademie bei GSK hat einen eigenen Wissens-Hub zu Reiseimpfungen geschaffen:&nbsp;<\/strong><\/p>\n\n\n\n<p><a href=\"https:\/\/www.impfakademie.de\/hubs\/reiseimpfungen\">https:\/\/www.impfakademie.de\/hubs\/<\/a><a href=\"https:\/\/www.impfakademie.de\/hubs\/reiseimpfungen\" target=\"_blank\" rel=\"noreferrer noopener\">reiseimpfungen<\/a><\/p>\n\n\n\n<p><strong>Neu! Informationen f\u00fcr Ihre Patient*innen rund um Reiseimpfungen<\/strong>\u00a0finden Sie jetzt auf <a href=\"https:\/\/www.impfen.de\/reisende\" target=\"_blank\" rel=\"noreferrer noopener\">impfen.de\/reisende<\/a>\u00a0&#8211; fit-for-travel.de, unsere langj\u00e4hrige Website, wird ebenfalls auf die Reiseseiten <a href=\"https:\/\/www.impfen.de\/reisende\" target=\"_blank\" rel=\"noreferrer noopener\">impfen.de\/reisende<\/a>\u00a0umgeleitet.\u00a0<\/p>\n\n\n\n<p>Wir w\u00fcnschen uns allen ein erfolgreiches und interessantes Symposium. F\u00fcr R\u00fcckfragen zu unseren Impfstoffen und Indikationen schreiben oder sprechen Sie uns gern an.&nbsp;<\/p>\n\n\n\n<p>Alle weiteren Informationen rund um die Impfstoffe, Arzneimittel und\u00a0Indikationen von GSK: <a href=\"https:\/\/gskpro.com\/de-de\/\" target=\"_blank\" rel=\"noreferrer noopener\">https:\/\/gskpro.com\/de-de\/<\/a><\/p>\n\n\n\n<ul class=\"wp-block-list\">\n<li>Dirk Bergel, 0163 3605367, <a href=\"mailto:dirk.d.bergel@gsk.com\">dirk.d.bergel@gsk.com<\/a><\/li>\n<\/ul>\n\n\n\n<p>Ihr GSK-Team<\/p>\n","protected":false},"excerpt":{"rendered":"<p>Liebe Teilnehmende des 28. Symposiums \u201eReisemedizin, Impfschutz und internationale Gesundheit \u2013 Global Health\u201c, herzliche Gl\u00fcckw\u00fcnsche&nbsp;den Organisator*innen und Teilnehmenden zum 28. Symposium. Es freut uns besonders, dass wir als GSK dieses wie die vergangenen 27&nbsp;Symposien unterst\u00fctzen konnten. Ihre Fortbildung ist seit vielen Jahren fester Bestandteil vieler reisemedizinisch aktiver Akteur*innen und auch [&hellip;]<\/p>\n","protected":false},"author":4,"featured_media":0,"parent":0,"menu_order":0,"comment_status":"closed","ping_status":"closed","template":"","meta":{"footnotes":""},"class_list":["post-273","page","type-page","status-publish","hentry"],"_links":{"self":[{"href":"https:\/\/reisemedizinbonn.de\/index.php\/wp-json\/wp\/v2\/pages\/273","targetHints":{"allow":["GET"]}}],"collection":[{"href":"https:\/\/reisemedizinbonn.de\/index.php\/wp-json\/wp\/v2\/pages"}],"about":[{"href":"https:\/\/reisemedizinbonn.de\/index.php\/wp-json\/wp\/v2\/types\/page"}],"author":[{"embeddable":true,"href":"https:\/\/reisemedizinbonn.de\/index.php\/wp-json\/wp\/v2\/users\/4"}],"replies":[{"embeddable":true,"href":"https:\/\/reisemedizinbonn.de\/index.php\/wp-json\/wp\/v2\/comments?post=273"}],"version-history":[{"count":13,"href":"https:\/\/reisemedizinbonn.de\/index.php\/wp-json\/wp\/v2\/pages\/273\/revisions"}],"predecessor-version":[{"id":642,"href":"https:\/\/reisemedizinbonn.de\/index.php\/wp-json\/wp\/v2\/pages\/273\/revisions\/642"}],"wp:attachment":[{"href":"https:\/\/reisemedizinbonn.de\/index.php\/wp-json\/wp\/v2\/media?parent=273"}],"curies":[{"name":"wp","href":"https:\/\/api.w.org\/{rel}","templated":true}]}}