{"id":254,"date":"2023-02-20T07:55:55","date_gmt":"2023-02-20T07:55:55","guid":{"rendered":"https:\/\/reisemedizinbonn.de\/?page_id=254"},"modified":"2026-02-27T21:01:32","modified_gmt":"2026-02-27T21:01:32","slug":"informationen-zu-hilfsprojekte","status":"publish","type":"page","link":"https:\/\/reisemedizinbonn.de\/index.php\/informationen-zu-hilfsprojekte\/","title":{"rendered":"Informationen zu Hilfsprojekten"},"content":{"rendered":"\n<h2 class=\"wp-block-heading\">Beitr\u00e4ge zum 28. Symposium 2026:<\/h2>\n\n\n\n<ul class=\"wp-block-list\">\n<li><a href=\"https:\/\/reisemedizinbonn.de\/files\/donbosco-2026-1.pdf\" target=\"_blank\" rel=\"noreferrer noopener\">Don Bosco Mondo: M\u00e4dchenf\u00f6rderung in Bogota, Kolumbien<\/a><\/li>\n\n\n\n<li><a href=\"https:\/\/reisemedizinbonn.de\/files\/malteser-2026-1.pdf\" target=\"_blank\" rel=\"noreferrer noopener\">Malteser International: F\u00f6rderung des Gesundheitssystems in Kenia<\/a><\/li>\n\n\n\n<li><a href=\"https:\/\/reisemedizinbonn.de\/files\/donbosco-2026-2.pdf\" target=\"_blank\" rel=\"noreferrer noopener\">Don Bosco Mondo: Aufbau einer Farm in Makululu, Sambia<\/a><\/li>\n\n\n\n<li><a href=\"https:\/\/reisemedizinbonn.de\/files\/caritas-2026-1.pdf\" target=\"_blank\" rel=\"noreferrer noopener\">Caritas Kinderhilfe Bethlehem: Das Caritas Baby Hospital im Westjordanland<\/a><\/li>\n\n\n\n<li><a href=\"https:\/\/reisemedizinbonn.de\/files\/caritas-2026-2.pdf\" target=\"_blank\" rel=\"noreferrer noopener\">Caritas International: Humanit\u00e4re Hilfe im Nahost-Konflikt<\/a><\/li>\n\n\n\n<li><a href=\"https:\/\/reisemedizinbonn.de\/files\/franziskaner-2026-1.pdf\" target=\"_blank\" rel=\"noreferrer noopener\">Franziskaner: Nothilfe in Gaza<\/a><\/li>\n\n\n\n<li><a href=\"https:\/\/reisemedizinbonn.de\/files\/uno-2026-1.pdf\" target=\"_blank\" rel=\"noreferrer noopener\">UNO-Fl\u00fcchtlingshilfe: Bericht aus dem Tschad<\/a><\/li>\n<\/ul>\n\n\n\n<h2 class=\"wp-block-heading\">Beitr\u00e4ge zum 27. Symposium 2025:<\/h2>\n\n\n\n<ul class=\"wp-block-list\">\n<li><a href=\"https:\/\/reisemedizinbonn.de\/files\/donboscomadagaskar.pdf\">Don Bosco Mondo: Ein Zuhause f\u00fcr Stra\u00dfenkinder in Madagaskar<\/a><\/li>\n\n\n\n<li><a href=\"https:\/\/reisemedizinbonn.de\/files\/donboscoks.pdf\">Don Bosco Mondo: F\u00f6derung der beruflichen Bildung ehemaliger Kindersoldaten am Centro de Capacitacion Don Bosco<\/a><\/li>\n<\/ul>\n\n\n\n<h2 class=\"wp-block-heading\">Beitr\u00e4ge zum 26. Symposium 2024:<\/h2>\n\n\n\n<p><\/p>\n\n\n\n<ul class=\"wp-block-list\">\n<li><a href=\"https:\/\/reisemedizin.dyndns.org\/files\/donbosco-2024-1.pdf\" target=\"_blank\" rel=\"noreferrer noopener\">Don Bosco Mondo: F\u00f6rderung beruflicher Bildung junger Frauen und M\u00e4dchen an St. Mary Mazzarelle, Maputsoe, Lesotho<\/a><\/li>\n\n\n\n<li><a href=\"https:\/\/reisemedizin.dyndns.org\/files\/donbosco-2024-2.pdf\" target=\"_blank\" rel=\"noreferrer noopener\">Don Bosco Mondo: Ausbildung benachteiligter Jugendlicher in Marokko<\/a><\/li>\n\n\n\n<li><a href=\"https:\/\/reisemedizin.dyndns.org\/files\/franz-2024.pdf\" target=\"_blank\" rel=\"noreferrer noopener\">Franziskaner helfen: Ehrenamtliche https:\/\/reisemedizin.dyndns.org\/files\/franz-2024.pdfKinderherzchirurgie in El<\/a><a href=\"https:\/\/reisemedizin.dyndns.org\/files\/franz-2024.pdf\"> Salvador<\/a><\/li>\n\n\n\n<li><a href=\"https:\/\/reisemedizin.dyndns.org:\/files\/malteser-2024-1.pdf\" target=\"_blank\" rel=\"noreferrer noopener\">Malteser International: Unterst\u00fctzung einer Selbsthilfegruppe \u201eSuubi Lyaffe\u201c f\u00fcr M\u00fctter von Kindern mit Behinderung in Kampala, Uganda<\/a><\/li>\n\n\n\n<li><a href=\"https:\/\/reisemedizin.dyndns.org\/files\/malteser-2024-2.pdf\" target=\"_blank\" rel=\"noreferrer noopener\">Malteser International: Ukraine-Relief-Program of Malteser International &amp; Relief Service of the Order of Malta in Ukraine (MSDU)<\/a><\/li>\n\n\n\n<li><a href=\"https:\/\/reisemedizin.dyndns.org\/files\/misereor-2024-1.pdf\" target=\"_blank\" rel=\"noreferrer noopener\">Misereor: Hungersnot in Afrika: Ihre Spende hilft den Hunger zu bek\u00e4mpfen<\/a><\/li>\n\n\n\n<li><a href=\"https:\/\/reisemedizin.dyndns.org\/files\/misereor-2024-2.pdf\" target=\"_blank\" rel=\"noreferrer noopener\">Misereor: Kambodscha: Mitten im Leben: Kinder und Jugendliche mit Behinderung<\/a><\/li>\n\n\n\n<li><a href=\"https:\/\/reisemedizin.dyndns.org\/files\/misereor-2024-3.pdf\" target=\"_blank\" rel=\"noreferrer noopener\">Misereor: Guatemala: Gesundheitsdienste f\u00fcr die Armen<\/a><\/li>\n\n\n\n<li><a href=\"https:\/\/reisemedizin.dyndns.org\/files\/caritas-2024.pdf\" target=\"_blank\" rel=\"noreferrer noopener\">Deutscher Caritasverband e. V.: Humanit\u00e4re Hilfe in Gaza und Pal\u00e4stina<\/a><\/li>\n\n\n\n<li><a href=\"https:\/\/reisemedizin.dyndns.org\/files\/caritas-2024-2.pdf\" target=\"_blank\" rel=\"noreferrer noopener\">Caritas International: Humanit\u00e4re Hilfe in Gaza und Pal\u00e4stina<\/a><\/li>\n\n\n\n<li><a href=\"https:\/\/reisemedizin.dyndns.org\/files\/caritas-2024-3.pdf\" target=\"_blank\" rel=\"noreferrer noopener\">Caritas International: Pal\u00e4stina: Das Vorschulprogramm f\u00fcr Kinder<\/a><\/li>\n\n\n\n<li><a href=\"https:\/\/reisemedizin.dyndns.org\/files\/montfort-2024-1.pdf\" target=\"_blank\" rel=\"noreferrer noopener\">Monftfortaner: Bitte um Hilfe in Andhara Pradesh<\/a>  &#8211; <a href=\"https:\/\/reisemedizin.dyndns.org\/files\/montfort-2024-2.pdf\" target=\"_blank\" rel=\"noreferrer noopener\">(hier die \u00dcbersetzung)<\/a><\/li>\n<\/ul>\n\n\n\n<p><\/p>\n\n\n\n<p><\/p>\n\n\n\n<p><\/p>\n\n\n\n<h2 class=\"wp-block-heading\">Beitr\u00e4ge zum 25. Symposium 2023:<\/h2>\n\n\n\n<ul class=\"wp-block-list\">\n<li><a href=\"https:\/\/reisemedizin.dyndns.org\/files\/malawi.pdf\" target=\"_blank\" rel=\"noreferrer noopener\">Bilder vom Brunnenprojekt in Malawi<\/a><\/li>\n\n\n\n<li><a href=\"https:\/\/reisemedizin.dyndns.org\/files\/margerita.pdf\" target=\"_blank\" rel=\"noreferrer noopener\">Casa Mama Margarita (Don Bosco)<\/a><\/li>\n\n\n\n<li><a href=\"https:\/\/reisemedizin.dyndns.org\/files\/minenarbeiter2.pdf\" target=\"_blank\" rel=\"noreferrer noopener\">Schutz von Kinder-Minenarbeitern (Don Bosco)<\/a><\/li>\n\n\n\n<li><a href=\"https:\/\/reisemedizin.dyndns.org\/files\/amazonas.pdf\">Amazonas-Projekt (Franziskaner)<\/a><\/li>\n\n\n\n<li><a href=\"https:\/\/reisemedizin.dyndns.org\/files\/kenia.pdf\" target=\"_blank\" rel=\"noreferrer noopener\">Notfallversorgung in Kenia und Uganda (Malteser International)<\/a><\/li>\n\n\n\n<li><a href=\"https:\/\/reisemedizin.dyndns.org\/files\/kambodscha.pdf\" target=\"_blank\" rel=\"noreferrer noopener\">Unterst\u00fctzung f\u00fcr Menschen mit Behinderung in Kambodscha (Misereor)<\/a><\/li>\n\n\n\n<li><a rel=\"noreferrer noopener\" href=\"https:\/\/reisemedizin.dyndns.org\/files\/peru.pdf\" target=\"_blank\">Sauerstoff-Abf\u00fcllanlage in Huaycan, Peru<\/a><\/li>\n\n\n\n<li><a href=\"https:\/\/reisemedizin.dyndns.org\/files\/malteser-erdbeben.pdf\" target=\"_blank\" rel=\"noreferrer noopener\">Erdbeben-Nothilfe in der T\u00fcrkei und Syrien (Malteser)<\/a><\/li>\n<\/ul>\n\n\n\n<p><\/p>\n","protected":false},"excerpt":{"rendered":"<p>Beitr\u00e4ge zum 28. Symposium 2026: Beitr\u00e4ge zum 27. Symposium 2025: Beitr\u00e4ge zum 26. Symposium 2024: Beitr\u00e4ge zum 25. Symposium 2023:<\/p>\n","protected":false},"author":4,"featured_media":0,"parent":0,"menu_order":0,"comment_status":"closed","ping_status":"closed","template":"","meta":{"footnotes":""},"class_list":["post-254","page","type-page","status-publish","hentry"],"_links":{"self":[{"href":"https:\/\/reisemedizinbonn.de\/index.php\/wp-json\/wp\/v2\/pages\/254","targetHints":{"allow":["GET"]}}],"collection":[{"href":"https:\/\/reisemedizinbonn.de\/index.php\/wp-json\/wp\/v2\/pages"}],"about":[{"href":"https:\/\/reisemedizinbonn.de\/index.php\/wp-json\/wp\/v2\/types\/page"}],"author":[{"embeddable":true,"href":"https:\/\/reisemedizinbonn.de\/index.php\/wp-json\/wp\/v2\/users\/4"}],"replies":[{"embeddable":true,"href":"https:\/\/reisemedizinbonn.de\/index.php\/wp-json\/wp\/v2\/comments?post=254"}],"version-history":[{"count":30,"href":"https:\/\/reisemedizinbonn.de\/index.php\/wp-json\/wp\/v2\/pages\/254\/revisions"}],"predecessor-version":[{"id":656,"href":"https:\/\/reisemedizinbonn.de\/index.php\/wp-json\/wp\/v2\/pages\/254\/revisions\/656"}],"wp:attachment":[{"href":"https:\/\/reisemedizinbonn.de\/index.php\/wp-json\/wp\/v2\/media?parent=254"}],"curies":[{"name":"wp","href":"https:\/\/api.w.org\/{rel}","templated":true}]}}