{"id":228,"date":"2023-02-03T07:04:07","date_gmt":"2023-02-03T07:04:07","guid":{"rendered":"https:\/\/reisemedizinbonn.de\/?page_id=228"},"modified":"2026-02-27T05:53:25","modified_gmt":"2026-02-27T05:53:25","slug":"sponsoren","status":"publish","type":"page","link":"https:\/\/reisemedizinbonn.de\/index.php\/sponsoren\/","title":{"rendered":"Sponsoren"},"content":{"rendered":"\n<p>In diesem Bereich der Webseite k\u00f6nnen Sponsoren unseres Symposiums Ihre Inhalte darstellen. <\/p>\n\n\n\n<p>Das Symposium wurde 2026 von folgenden Firmen finanziell unterst\u00fctzt:<\/p>\n\n\n\n<figure class=\"wp-block-image size-full\"><a href=\"https:\/\/dermatologie.almirallmed.de\/derma-showroom\/#top\" target=\"_blank\" rel=\" noreferrer noopener\"><img loading=\"lazy\" decoding=\"async\" width=\"602\" height=\"439\" src=\"https:\/\/reisemedizinbonn.de\/wp-content\/uploads\/2026\/02\/ALM_AW_LOGO_SV_Positive_RGB-1-2.jpg-2.jpg\" alt=\"\" class=\"wp-image-633\" srcset=\"https:\/\/reisemedizinbonn.de\/wp-content\/uploads\/2026\/02\/ALM_AW_LOGO_SV_Positive_RGB-1-2.jpg-2.jpg 602w, https:\/\/reisemedizinbonn.de\/wp-content\/uploads\/2026\/02\/ALM_AW_LOGO_SV_Positive_RGB-1-2.jpg-2-300x219.jpg 300w\" sizes=\"auto, (max-width: 602px) 100vw, 602px\" \/><\/a><\/figure>\n\n\n\n<p><\/p>\n\n\n\n<p><\/p>\n\n\n\n<p><\/p>\n\n\n<div class=\"wp-block-image\">\n<figure class=\"aligncenter size-full is-resized\"><a href=\"https:\/\/reisemedizin.dyndns.org\/index.php\/gsk-glaxosmithklinn-gmbh-co-kg\/\" target=\"_blank\" rel=\"noreferrer noopener\"><img loading=\"lazy\" decoding=\"async\" width=\"135\" height=\"41\" src=\"https:\/\/reisemedizin.dyndns.org\/wp-content\/uploads\/2023\/03\/gsk.png\" alt=\"\" class=\"wp-image-276\" style=\"aspect-ratio:3.2934926958831343;width:155px;height:auto\"\/><\/a><figcaption class=\"wp-element-caption\">GlaxoSmithKline Gmbh &amp; Co. KG<\/figcaption><\/figure>\n<\/div>\n\n\n<p>Das Symposium wurde 2025 von folgenden Firmen finanziell unterst\u00fctzt:<\/p>\n\n\n\n<p><\/p>\n\n\n<div class=\"wp-block-image\">\n<figure class=\"aligncenter size-full is-resized\"><img loading=\"lazy\" decoding=\"async\" width=\"602\" height=\"439\" src=\"https:\/\/reisemedizinbonn.de\/wp-content\/uploads\/2026\/02\/ALM_AW_LOGO_SV_Positive_RGB-1-1.jpg-1.jpg\" alt=\"\" class=\"wp-image-632\" style=\"width:393px;height:auto\" srcset=\"https:\/\/reisemedizinbonn.de\/wp-content\/uploads\/2026\/02\/ALM_AW_LOGO_SV_Positive_RGB-1-1.jpg-1.jpg 602w, https:\/\/reisemedizinbonn.de\/wp-content\/uploads\/2026\/02\/ALM_AW_LOGO_SV_Positive_RGB-1-1.jpg-1-300x219.jpg 300w\" sizes=\"auto, (max-width: 602px) 100vw, 602px\" \/><\/figure>\n<\/div>\n\n\n<figure class=\"wp-block-embed\"><div class=\"wp-block-embed__wrapper\">\nhttps:\/\/dermatologie.almirallmed.de\/derma-showroom\/#top\n<\/div><\/figure>\n\n\n<div class=\"wp-block-image\">\n<figure class=\"aligncenter size-full is-resized\"><a href=\"https:\/\/reisemedizin.dyndns.org\/index.php\/gsk-glaxosmithklinn-gmbh-co-kg\/\" target=\"_blank\" rel=\"noreferrer noopener\"><img loading=\"lazy\" decoding=\"async\" width=\"135\" height=\"41\" src=\"https:\/\/reisemedizin.dyndns.org\/wp-content\/uploads\/2023\/03\/gsk.png\" alt=\"\" class=\"wp-image-276\" style=\"aspect-ratio:3.2934926958831343;width:155px;height:auto\"\/><\/a><figcaption class=\"wp-element-caption\">GlaxoSmithKline Gmbh &amp; Co. KG<\/figcaption><\/figure>\n<\/div>\n\n\n<p>Das Symposium 2024 wurde von folgenden Firmen finanziell unterst\u00fctzt:<\/p>\n\n\n<div class=\"wp-block-image\">\n<figure class=\"aligncenter size-full is-resized\"><a href=\"https:\/\/reisemedizin.dyndns.org\/index.php\/gsk-glaxosmithklinn-gmbh-co-kg\/\" target=\"_blank\" rel=\"noreferrer noopener\"><img loading=\"lazy\" decoding=\"async\" width=\"135\" height=\"41\" src=\"https:\/\/reisemedizin.dyndns.org\/wp-content\/uploads\/2023\/03\/gsk.png\" alt=\"\" class=\"wp-image-276\" style=\"width:155px;height:auto\"\/><\/a><figcaption class=\"wp-element-caption\">GlaxoSmithKline Gmbh &amp; Co. KG<\/figcaption><\/figure>\n<\/div>\n\n<div class=\"wp-block-image\">\n<figure class=\"aligncenter size-full is-resized\"><a href=\"https:\/\/reisemedizin.dyndns.org\/index.php\/almirall-hermal-gmbh\/\" target=\"_blank\" rel=\"noreferrer noopener\"><img loading=\"lazy\" decoding=\"async\" width=\"751\" height=\"329\" src=\"https:\/\/reisemedizin.dyndns.org\/wp-content\/uploads\/2023\/02\/ALM_AW_LOGO_MV_Positive_RGB-1.png\" alt=\"\" class=\"wp-image-237\" style=\"width:393px;height:auto\" srcset=\"https:\/\/reisemedizinbonn.de\/wp-content\/uploads\/2023\/02\/ALM_AW_LOGO_MV_Positive_RGB-1.png 751w, https:\/\/reisemedizinbonn.de\/wp-content\/uploads\/2023\/02\/ALM_AW_LOGO_MV_Positive_RGB-1-300x131.png 300w\" sizes=\"auto, (max-width: 751px) 100vw, 751px\" \/><\/a><\/figure>\n<\/div>\n\n<div class=\"wp-block-image\">\n<figure class=\"aligncenter size-full is-resized\"><a href=\"https:\/\/reisemedizin.dyndns.org\/index.php\/gsk-glaxosmithklinn-gmbh-co-kg\/\" target=\"_blank\" rel=\"noreferrer noopener\"><img loading=\"lazy\" decoding=\"async\" width=\"135\" height=\"41\" src=\"https:\/\/reisemedizin.dyndns.org\/wp-content\/uploads\/2023\/03\/gsk.png\" alt=\"\" class=\"wp-image-276\" style=\"width:155px;height:auto\"\/><\/a><figcaption class=\"wp-element-caption\">GlaxoSmithKline Gmbh &amp; Co. KG<\/figcaption><\/figure>\n<\/div>\n\n<div class=\"wp-block-image\">\n<figure class=\"aligncenter size-full is-resized\"><a href=\"https:\/\/reisemedizin.dyndns.org\/index.php\/gsk-glaxosmithklinn-gmbh-co-kg\/\" target=\"_blank\" rel=\"noreferrer noopener\"><img loading=\"lazy\" decoding=\"async\" width=\"135\" height=\"41\" src=\"https:\/\/reisemedizin.dyndns.org\/wp-content\/uploads\/2023\/03\/gsk.png\" alt=\"\" class=\"wp-image-276\" style=\"width:155px;height:auto\"\/><\/a><figcaption class=\"wp-element-caption\">GlaxoSmithKline Gmbh &amp; Co. KG<\/figcaption><\/figure>\n<\/div>\n\n<div class=\"wp-block-image\">\n<figure class=\"aligncenter size-full is-resized\"><img loading=\"lazy\" decoding=\"async\" width=\"189\" height=\"77\" src=\"https:\/\/reisemedizin.dyndns.org\/wp-content\/uploads\/2024\/03\/takeda.png\" alt=\"\" class=\"wp-image-507\" style=\"width:257px;height:auto\"\/><\/figure>\n<\/div>","protected":false},"excerpt":{"rendered":"<p>In diesem Bereich der Webseite k\u00f6nnen Sponsoren unseres Symposiums Ihre Inhalte darstellen. Das Symposium wurde 2026 von folgenden Firmen finanziell unterst\u00fctzt: Das Symposium wurde 2025 von folgenden Firmen finanziell unterst\u00fctzt: Das Symposium 2024 wurde von folgenden Firmen finanziell unterst\u00fctzt:<\/p>\n","protected":false},"author":4,"featured_media":0,"parent":0,"menu_order":0,"comment_status":"closed","ping_status":"closed","template":"","meta":{"footnotes":""},"class_list":["post-228","page","type-page","status-publish","hentry"],"_links":{"self":[{"href":"https:\/\/reisemedizinbonn.de\/index.php\/wp-json\/wp\/v2\/pages\/228","targetHints":{"allow":["GET"]}}],"collection":[{"href":"https:\/\/reisemedizinbonn.de\/index.php\/wp-json\/wp\/v2\/pages"}],"about":[{"href":"https:\/\/reisemedizinbonn.de\/index.php\/wp-json\/wp\/v2\/types\/page"}],"author":[{"embeddable":true,"href":"https:\/\/reisemedizinbonn.de\/index.php\/wp-json\/wp\/v2\/users\/4"}],"replies":[{"embeddable":true,"href":"https:\/\/reisemedizinbonn.de\/index.php\/wp-json\/wp\/v2\/comments?post=228"}],"version-history":[{"count":13,"href":"https:\/\/reisemedizinbonn.de\/index.php\/wp-json\/wp\/v2\/pages\/228\/revisions"}],"predecessor-version":[{"id":638,"href":"https:\/\/reisemedizinbonn.de\/index.php\/wp-json\/wp\/v2\/pages\/228\/revisions\/638"}],"wp:attachment":[{"href":"https:\/\/reisemedizinbonn.de\/index.php\/wp-json\/wp\/v2\/media?parent=228"}],"curies":[{"name":"wp","href":"https:\/\/api.w.org\/{rel}","templated":true}]}}